{"id":102,"date":"2026-03-18T17:02:23","date_gmt":"2026-03-18T16:02:23","guid":{"rendered":"http:\/\/192.168.26.200:8081\/?page_id=102"},"modified":"2026-03-18T17:18:16","modified_gmt":"2026-03-18T16:18:16","slug":"regulamin","status":"publish","type":"page","link":"https:\/\/fizjopunkt.bystrzyca.ovh\/?page_id=102","title":{"rendered":"Regulamin"},"content":{"rendered":"\n<p><strong>REGULAMIN gabinetu fizjoterapii FizjoPunkt<\/strong><\/p>\n\n\n\n<p class=\"has-text-align-center\"><strong>\u00a71 Podstawa prawna<\/strong><\/p>\n\n\n\n<p>1.<strong>FizjoPunkt-<\/strong> gabinet fizjoterapii, rehabilitacji i masa\u017cu jest firm\u0105, w kt\u00f3rej \u015bwiadczone s\u0105 us\u0142ugi fizjoterapeutyczne, rehabilitacyjnei masa\u017cu.<\/p>\n\n\n\n<p>2. Gabinet znajduje si\u0119: Bystrzyca 47G, 20-258 Bystrzyca<\/p>\n\n\n\n<p>3. Firma posiada wpis do Rejestru Praktyk Zawodowych Fizjoterapeut\u00f3w o nr 000000220407 z dn. 14.11.2019 oraz wpis do Rejestru Krajowej Izby Fizjoterapeut\u00f3w\u00a0 o PWZF nr 4349<\/p>\n\n\n\n<p class=\"has-text-align-center\"><strong>\u00a72 Postanowienia og\u00f3lne<\/strong><\/p>\n\n\n\n<p>1. Regulamin okre\u015bla zasady \u015bwiadczenia us\u0142ug fizjoterapeutycznych w ramach wykonywania zawodu fizjoterapeuty.<\/p>\n\n\n\n<p>2. Niniejszy Regulamin znajduje si\u0119 na stronie internetowej www.fizjopunkt.bystrzyca.ovh oraz w poczekalni gabinetu. Regulami jest przekazywany ka\u017cdemu Pacjentowi podczas pierwszej wizyty w gabinecie.<\/p>\n\n\n\n<p>3. Nieznajomo\u015b\u0107 Regulaminu nie zwalnia z przestrzegania jego zasad.<\/p>\n\n\n\n<p class=\"has-text-align-center\"><strong>\u00a73 Cele i zadania<\/strong><\/p>\n\n\n\n<p>1. Celem dzia\u0142ania Gabinetu jest \u015bwiadczenie przez wykwalifikowany personel us\u0142ug z zakresu fizjoterapii, masa\u017cu oraz treningu funkcjonalnego.<\/p>\n\n\n\n<p>2. Do zada\u0144 Gabinetu nale\u017cy w szczeg\u00f3lno\u015bci zapewnienie wysokiej jako\u015bci \u015bwiadczonych us\u0142ug fizjoterapeutycznych, z zastosowaniem znanych i sprawdzonych metod terapeutycznych, przestrzeganie etyki zawodowej, dzia\u0142anie promuj\u0105ce profilaktyk\u0119 zdrowia, przestrzeganie praw Pacjenta oraz \u015bwiadczenie us\u0142ug z uwzgl\u0119dnieniem potrzeb i bezpiecze\u0144stwa Pacjenta.<\/p>\n\n\n\n<p class=\"has-text-align-center\"><strong>\u00a74 Czas i miejsce \u015bwiadczenia us\u0142ug<\/strong><\/p>\n\n\n\n<p>1. FizjoPunkt jest otwarty od poniedzia\u0142ku do niedzieli, z wy\u0142\u0105czeniem dni \u015bwi\u0105tecznych.<\/p>\n\n\n\n<p>2. Miejscem \u015bwiadczenia us\u0142ug fizjoterapeutycznych jest siedziba Gabinetu.<\/p>\n\n\n\n<p>3. W uzasadnionych przypadkach \u015bwiadczenia mog\u0105 by\u0107 udzielane w domu pacjenta lub ustalonym miejscu, na podstawie indywidualnych ustale\u0144.<\/p>\n\n\n\n<p>4. Zar\u00f3wno pomieszczenie Gabinetu, jak i wykorzystywane w nim urz\u0105dzenia spe\u0142niaj\u0105 wymagania, jakim powinny odpowiada\u0107 praktyki zawodowe wykonuj\u0105ce dzia\u0142alno\u015b\u0107 lecznicz\u0105, w tym tak\u017ce praktyk\u0119 zawodow\u0105 fizjoterapeut\u00f3w.<\/p>\n\n\n\n<p><strong>\u00a75 Zasady rezerwacji i odwo\u0142ywania terapii<\/strong><\/p>\n\n\n\n<p>1. Rezerwacji wizyty mo\u017cna dokona\u0107 telefonicznie pod nr tel.: 505044568 lub internetowo, przez formularz kontaktowy znajduj\u0105cy si\u0119 na stronie internetowej www.fizjopunkt.bystrzyca.ovh lub przez kontakt mailowy pod adresem: <a href=\"mailto:fizjopunkt.bystrzyca@gmail.com\">fizjopunkt.bystrzyca@gmail.com<\/a> podaj\u0105c numer kontaktowy celem oddzwonienia.<\/p>\n\n\n\n<p>2. Dokonuj\u0105c rezerwacji nale\u017cy poda\u0107 imi\u0119, nazwisko oraz numer telefonu do kontaktu.<\/p>\n\n\n\n<p>3. Istnieje mo\u017cliwo\u015b\u0107 przeniesienia wizyty na inny termin pod warunkiem dost\u0119pno\u015bci wolnych miejsc i telefonicznym uprzedzeniu o zmianie co najmniej 1 dzie\u0144 wcze\u015bniej.<\/p>\n\n\n\n<p>4. Odwo\u0142ania wizyty mo\u017cna dokona\u0107 telefonicznie nie p\u00f3\u017aniej ni\u017c 24 godzin przed um\u00f3wionym terminem.<\/p>\n\n\n\n<p>5. Odwo\u0142anie wizyty p\u00f3\u017aniej ni\u017c 24 godzin przed zaplanowanym terminem skutkuje pobraniem op\u0142aty w wysoko\u015bci 50% ceny zabiegu. Nale\u017cno\u015b\u0107 zostanie doliczona do rachunku podczas kolejnej wizyty.<\/p>\n\n\n\n<p>6. W przypadku dwukrotnego niestawienia si\u0119 w ustalonym terminie, podczas rezerwacji kolejnego zabiegu Pacjent zobowi\u0105zany jest do zap\u0142aty zadatku w wysoko\u015bci 50% jego ceny, kt\u00f3ry to przepada z chwil\u0105 niepojawienia si\u0119 w um\u00f3wionym czasie.<\/p>\n\n\n\n<p class=\"has-text-align-center\"><strong>\u00a76 Organizacja i przebieg wizyty<\/strong><\/p>\n\n\n\n<p>1. Pacjent proszony jest o przybycie na wizyt\u0119 kilka minut wcze\u015bniej przed wyznaczon\u0105 godzin\u0105.<\/p>\n\n\n\n<p>2. Sp\u00f3\u017anienie si\u0119 na wizyt\u0119 skutkuje skr\u00f3ceniem czasu terapii.<\/p>\n\n\n\n<p>3. Podczas pierwszej wizyty zostanie przeprowadzony wywiad i badanie przedmiotowe, a tak\u017ce, na ich podstawie, okre\u015blony cel i plan terapii.<\/p>\n\n\n\n<p>4. Przed przyst\u0105pieniem do terapii Pacjent wyra\u017ca zgod\u0119 na pi\u015bmie na jej przeprowadzenie.<\/p>\n\n\n\n<p>5. Fizjoterapeuta mo\u017ce odm\u00f3wi\u0107 przeprowadzenia terapii b\u0105d\u017a przerwa\u0107 zabieg, je\u015bli:<\/p>\n\n\n\n<p>a. Pacjent nie zachowuje podstawowych zasad kultury i dobrego wychowania, naruszaj\u0105c godno\u015b\u0107 osobist\u0105 terapeuty,<\/p>\n\n\n\n<p>b. Pacjent nie stosuje si\u0119 do utrzymania prawid\u0142owej higieny cia\u0142a,<\/p>\n\n\n\n<p>c. uzna, \u017ce zagra\u017ca ona zdrowiu Pacjenta,<\/p>\n\n\n\n<p>d. podczas zabiegu stwierdzi pogorszenie samopoczucia Pacjenta lub wyst\u0105pienie zmian w wygl\u0105dzie sk\u00f3ry.<\/p>\n\n\n\n<p>6. Do terapii Pacjent nie rozbiera si\u0119 bardziej ni\u017c wymaga tego opracowywane miejsce b\u00f3lowe. Ponadto, w razie potrzeby przykrywany jest r\u0119cznikiem.<\/p>\n\n\n\n<p>7. FizjoPunkt prowadzi dokumentacj\u0119 medyczn\u0105 oraz zapewnia ochron\u0119 danych w niej zawartych.<\/p>\n\n\n\n<p>8. Dokumentacja medyczna mo\u017ce zosta\u0107 udost\u0119pniona na pisemny wniosek:<\/p>\n\n\n\n<p>a. Pacjenta, kt\u00f3rego ta dokumentacja dotyczy, jego przedstawiciela ustawowego lub osoby pisemnie<\/p>\n\n\n\n<p>upowa\u017cnionej przez Pacjenta,<\/p>\n\n\n\n<p>b. zak\u0142adowi opieki zdrowotnej i osobom wykonuj\u0105cym zaw\u00f3d medyczny poza zak\u0142adami opieki zdrowotnej, je\u015bli dokumentacja ta jest niezb\u0119dna do zapewnienia ci\u0105g\u0142o\u015bci \u015bwiadcze\u0144 zdrowotnych,<\/p>\n\n\n\n<p>c. innym, upowa\u017cnionym na podstawie obwi\u0105zuj\u0105cych przepis\u00f3w, podmiotom.<\/p>\n\n\n\n<p class=\"has-text-align-center\"><strong>\u00a77 Prawa i obowi\u0105zki Pacjenta<\/strong><\/p>\n\n\n\n<p>1. W czasie korzystania z us\u0142ug Gabinetu, Pacjent ma prawo do:<\/p>\n\n\n\n<p>a. poszanowania godno\u015bci oraz uprzejmego traktowania przez personel Gabinetu,<\/p>\n\n\n\n<p>b. \u015bwiadcze\u0144 wykonywanych przez personel o odpowiednich kwalifikacjach,<\/p>\n\n\n\n<p>c. uzyskania rzetelnej informacji o swoim stanie zdrowia, proponowanych metodach terapeutycznych, nast\u0119pstwach ich zastosowania lub zaniechania,<\/p>\n\n\n\n<p>d. pe\u0142nej dyskrecji jego osoby,<\/p>\n\n\n\n<p>e. pomocy i wyja\u015bnie\u0144 o sposobie przygotowania do zabiegu,<\/p>\n\n\n\n<p>f. wyra\u017cenia zgody lub odmowy wykonania zabiegu po uzyskaniu odpowiednich informacji.<\/p>\n\n\n\n<p>2. W czasie korzystania z us\u0142ug Gabinetu, Pacjent ma obowi\u0105zek:<\/p>\n\n\n\n<p>a. poinformowa\u0107 personel o stanie swojego zdrowia, aktualnych i przebytych schorzeniach oraz istniej\u0105cych przeciwwskazaniach do terapii,<\/p>\n\n\n\n<p>b. poinformowa\u0107 personel o aktualnych urazach, stanach b\u00f3lowych i innych objawach powsta\u0142ych wskutek przeprowadzonej terapii, gdy\u017c mo\u017ce mie\u0107 to istotny wp\u0142yw na przebieg dalszej fizjoterapii,<\/p>\n\n\n\n<p>c. przestrzegania zasad higieny osobistej,<\/p>\n\n\n\n<p>d. posiadania stroju sportowego podczas terapii,<\/p>\n\n\n\n<p>e. przestrzegania zalece\u0144 fizjoterapeuty,<\/p>\n\n\n\n<p>f. okazania skierowania na zabiegi (je\u015bli takie posiada) i dodatkowych wynik\u00f3w bada\u0144 (USG, RTG, MRI itp.). UWAGA! Jakiekolwiek urazy powsta\u0142e wskutek zatajenia przez Pacjenta informacji o stanie zdrowia b\u0105d\u017a niestosowania si\u0119 do zalece\u0144 fizjoterapeuty nie mog\u0105 by\u0107 podstaw\u0105 do roszcze\u0144 wobec FizjoPunkt<\/p>\n\n\n\n<p class=\"has-text-align-center\"><strong>\u00a7<\/strong><strong>8<\/strong><strong> Ceny us\u0142ug i pakiet\u00f3w rehabilitacyjnych oraz mo\u017cliwo\u015bci zap\u0142aty<\/strong><\/p>\n\n\n\n<p>1. Ceny us\u0142ug zawarte s\u0105 w aktualnym cenniku.<\/p>\n\n\n\n<p>2. Obowi\u0105zek zap\u0142aty odbywa si\u0119 po odbytej wizycie, za po\u015brednictwem got\u00f3wki, BLIK lub przelew na konto Santander 81 1090 2835 0000 0001 6481 1569<\/p>\n\n\n\n<p>3. W ofercie Gabinetu znajduj\u0105 si\u0119 Pakiety Rehabilitacyjne 10, 15 lub 20 wizyt. Pakiety rehabilitacyjne op\u0142acane s\u0105 \u201cz g\u00f3ry\u201d.<\/p>\n\n\n\n<p>4. Nie ma mo\u017cliwo\u015bci zrezygnowania z Pakietu Rehabilitacyjnego w trakcie jego trwania i ubiegania si\u0119 o zwrot koszt\u00f3w za niewykorzystane wizyty. W przypadku rezygnacji z Pakietu przez Pacjenta wizyty przepadaj\u0105.<\/p>\n\n\n\n<p class=\"has-text-align-center\"><strong>\u00a79 Przepisy porz\u0105dkowe<\/strong><\/p>\n\n\n\n<p>1. Na terenie Gabinetu istnieje bezwzgl\u0119dny zakaz palenia tytoniu, spo\u017cywania napoj\u00f3w alkoholowych oraz bycia pod ich wp\u0142ywem, a tak\u017ce za\u017cywania \u015brodk\u00f3w odurzaj\u0105cych.<\/p>\n\n\n\n<p>2. Pacjenci przebywaj\u0105cy na terenie Gabinetu zobowi\u0105zani s\u0105 do poszanowania mienia b\u0119d\u0105cego jego w\u0142asno\u015bci\u0105 oraz nale\u017c\u0105cego do innych Pacjent\u00f3w, jak r\u00f3wnie\u017c do zachowania czysto\u015bci.<\/p>\n\n\n\n<p>3. Za zniszczenie mienia, o kt\u00f3rym mowa w ust. 2, Pacjenci ponosz\u0105 pe\u0142n\u0105 odpowiedzialno\u015b\u0107 finansow\u0105.<\/p>\n\n\n\n<p>4. W Gabinecie nie \u015bwiadczy si\u0119 us\u0142ug seksualnych. Jakiekolwiek pr\u00f3by namawiania do nich skutkuj\u0105 przerwaniem zabiegu, pobraniem od Pacjenta op\u0142aty w wysoko\u015bci 100% jego warto\u015bci oraz wpisaniem na \u201cczarn\u0105 list\u0119\u201d pacjent\u00f3w, kt\u00f3ra uniemo\u017cliwia korzystanie z us\u0142ug Gabinetu.<\/p>\n\n\n\n<p class=\"has-text-align-center\"><strong>\u00a710 Postanowienia ko\u0144cowe<\/strong><\/p>\n\n\n\n<p>1. Ka\u017cdy Pacjent zobowi\u0105zany jest do zapoznania si\u0119 z Regulaminem (co o\u015bwiadcza na pi\u015bmie) i przestrzegania jego zasad.<\/p>\n\n\n\n<p>2. W sprawach nieuregulowanych niniejszym Regulaminem maj\u0105 zastosowanie przepisy Kodeksu Cywilnego oraz inne obowi\u0105zuj\u0105ce przepisy prawa.<\/p>\n\n\n\n<p>3. FizjoPunkt zastrzega sobie prawo do zmiany tre\u015bci Regulaminu. O ka\u017cdej zmianie Pacjent zostanie poinformowany telefonicznie, za po\u015brednictwem wiadomo\u015bci SMS.<\/p>\n\n\n\n<p>4. Niewyra\u017cenie zgody na postanowienia Regulaminu jest r\u00f3wnoznaczne z brakiem mo\u017cliwo\u015bci<\/p>\n\n\n\n<p>korzystania z us\u0142ug Gabinetu.<\/p>\n\n\n\n<p>5. Wszelkie skargi\/ wnioski Pacjent mo\u017ce sk\u0142ada\u0107 na pi\u015bmie na adres korespondencyjny: FizjoPunkt Agnieszka Wrona, Bystrzyca 47G, 20-258 Bystrzyca lub za po\u015brednictwem poczty elektronicznej na adres fizjopunkt.bystrzyca@gmail.com Wszystkie skargi\/wnioski rozpatrywane s\u0105 w terminie 30 dni roboczych od dnia ich wp\u0142ywu.<\/p>\n\n\n\n<p class=\"has-text-align-center\"><strong>\u00a711 Przetwarzanie i ochrona danych osobowych<\/strong><\/p>\n\n\n\n<p>1. Dane osobowe Pacjenta przetwarzane s\u0105 na zasadach opisanych w Rozporz\u0105dzeniu Parlamentu Europejskiego i Rady (UE) 2016\/679 z dnia 27 kwietnia 2016 roku w sprawie ochrony os\u00f3b fizycznych w zwi\u0105zku z przetwarzaniem danych osobowych i w sprawie swobodnego przep\u0142ywu takich danych oraz uchylenia dyrektywy 95\/46\/WE (og\u00f3lne rozporz\u0105dzenie o ochronie danych).<\/p>\n\n\n\n<p>2. Obowi\u0105zek informacyjny &#8211; art. 13 RODO przekazywany jest Pacjentowi podczas pierwszej wizyty jako odr\u0119bny dokument.<\/p>\n\n\n\n<p>Regulamin obowi\u0105zuje od 01.04.2026<\/p>\n","protected":false},"excerpt":{"rendered":"<p>REGULAMIN gabinetu fizjoterapii FizjoPunkt \u00a71 Podstawa prawna 1.FizjoPunkt- gabinet fizjoterapii, rehabilitacji i masa\u017cu jest firm\u0105, w kt\u00f3rej \u015bwiadczone s\u0105 us\u0142ugi fizjoterapeutyczne, rehabilitacyjnei masa\u017cu. 2. Gabinet znajduje si\u0119: Bystrzyca 47G, 20-258 Bystrzyca 3. Firma posiada wpis do Rejestru Praktyk Zawodowych Fizjoterapeut\u00f3w o nr 000000220407 z dn. 14.11.2019 oraz wpis do Rejestru Krajowej Izby Fizjoterapeut\u00f3w\u00a0 o PWZF [&hellip;]<\/p>\n","protected":false},"author":1,"featured_media":0,"parent":0,"menu_order":0,"comment_status":"closed","ping_status":"closed","template":"","meta":{"footnotes":""},"class_list":["post-102","page","type-page","status-publish","hentry"],"_links":{"self":[{"href":"https:\/\/fizjopunkt.bystrzyca.ovh\/index.php?rest_route=\/wp\/v2\/pages\/102","targetHints":{"allow":["GET"]}}],"collection":[{"href":"https:\/\/fizjopunkt.bystrzyca.ovh\/index.php?rest_route=\/wp\/v2\/pages"}],"about":[{"href":"https:\/\/fizjopunkt.bystrzyca.ovh\/index.php?rest_route=\/wp\/v2\/types\/page"}],"author":[{"embeddable":true,"href":"https:\/\/fizjopunkt.bystrzyca.ovh\/index.php?rest_route=\/wp\/v2\/users\/1"}],"replies":[{"embeddable":true,"href":"https:\/\/fizjopunkt.bystrzyca.ovh\/index.php?rest_route=%2Fwp%2Fv2%2Fcomments&post=102"}],"version-history":[{"count":4,"href":"https:\/\/fizjopunkt.bystrzyca.ovh\/index.php?rest_route=\/wp\/v2\/pages\/102\/revisions"}],"predecessor-version":[{"id":108,"href":"https:\/\/fizjopunkt.bystrzyca.ovh\/index.php?rest_route=\/wp\/v2\/pages\/102\/revisions\/108"}],"wp:attachment":[{"href":"https:\/\/fizjopunkt.bystrzyca.ovh\/index.php?rest_route=%2Fwp%2Fv2%2Fmedia&parent=102"}],"curies":[{"name":"wp","href":"https:\/\/api.w.org\/{rel}","templated":true}]}}