{"id":208,"date":"2026-04-07T19:16:30","date_gmt":"2026-04-07T17:16:30","guid":{"rendered":"http:\/\/192.168.26.200:8081\/?page_id=208"},"modified":"2026-04-07T21:33:36","modified_gmt":"2026-04-07T19:33:36","slug":"fizykoterapia","status":"publish","type":"page","link":"https:\/\/fizjopunkt.bystrzyca.ovh\/?page_id=208","title":{"rendered":"Fizykoterapia"},"content":{"rendered":"\n<p>Fizykoterapia jest jedn\u0105 z metod fizjoterapii. W trakcie zabieg\u00f3w oddzia\u0142uje si\u0119 na organizm r\u00f3\u017cnymi czynnikami fizykalnymi, tymi naturalnymi oraz sztucznymi. G\u0142\u00f3wnym celem fizykoterapii jest pobudzenie proces\u00f3w biologicznych, kt\u00f3re pomagaj\u0105 regenerowa\u0107 tkanki. Fizykoterapia stosowana jest jako leczenie podstawowe lub uzupe\u0142niaj\u0105ce.<\/p>\n\n\n\n<p>W moim gabinecie wykorzystuj\u0119 elektroterapi\u0119, laseroterapi\u0119, magnetoterapi\u0119, ultrad\u017awi\u0119ki oraz aquavibron.<\/p>\n\n\n\n<p><strong><em>ELEKTROTERAPIA<\/em><\/strong><\/p>\n\n\n\n<p>Elektroterapia to stosowanie pr\u0105du elektrycznego o odpowiedniej cz\u0119stotliwo\u015bci w celach leczniczych. Oferuj\u0119 m.in.:<\/p>\n\n\n\n<ul class=\"wp-block-list\">\n<li>galwanizacja<\/li>\n\n\n\n<li>jonoforeza<\/li>\n\n\n\n<li>prady diadynamiczne (DD)<\/li>\n\n\n\n<li>prady TENS<\/li>\n\n\n\n<li>prady interferencyjne<\/li>\n\n\n\n<li>pr\u0105dy Traberta<\/li>\n\n\n\n<li>pr\u0105dy Kotza<\/li>\n\n\n\n<li>elektrostymulacj\u0119<\/li>\n<\/ul>\n\n\n\n<p><strong><em>LASEROTERAPIA<\/em><\/strong><\/p>\n\n\n\n<p>Laseroterapia wykorzystuje wi\u0105zk\u0119 \u015bwiat\u0142a laserowego o odpowiedniej d\u0142ugo\u015bci fali, kt\u00f3ra przenika w g\u0142\u0119bokie warstwy tkanek. Zabieg ten pomaga w:\\<\/p>\n\n\n\n<ul class=\"wp-block-list\">\n<li>redukcji stan\u00f3w zapalnych<\/li>\n\n\n\n<li>przyspieszenie regeneracji tkanek<\/li>\n\n\n\n<li>\u0142agodzenie b\u00f3lu<\/li>\n<\/ul>\n\n\n\n<p><strong><em>MAGNETOTERAPIA<\/em><\/strong><\/p>\n\n\n\n<p>Magnetoterapia wykorzystuje pole magnetyczne o niskiej cz\u0119stotliwo\u015bci. Ten rodzaj terapii jest  skuteczny w:<\/p>\n\n\n\n<ul class=\"wp-block-list\">\n<li>przyspieszeniu gojenia ko\u015bci po urazach<\/li>\n\n\n\n<li>zmniejszaniu obrz\u0119k\u00f3w i stan\u00f3w zapalnych<\/li>\n\n\n\n<li>redukcji b\u00f3lu w przewlek\u0142ych schorzeniach<\/li>\n<\/ul>\n\n\n\n<p><strong><em>ULTRAD\u0179WI\u0118KI<\/em><\/strong><\/p>\n\n\n\n<p>Ultrad\u017awi\u0119ki to terapia d\u017awi\u0119kiem o wysokiej cz\u0119stotliwo\u015bci, kt\u00f3ra przenika w g\u0142\u0119bokie warstwy tkanek. Zabieg ten wspomaga:<\/p>\n\n\n\n<ul class=\"wp-block-list\">\n<li>zwi\u0119kszenie przep\u0142ywu krwi<\/li>\n\n\n\n<li>przyspieszenie metabolizmu w tkankach<\/li>\n\n\n\n<li>rozlu\u017anienie napi\u0119tych mi\u0119\u015bni<\/li>\n<\/ul>\n\n\n\n<p><strong><em>AQUAVIBRON<\/em><\/strong><\/p>\n\n\n\n<p>Masa\u017c wibracyjny jest masa\u017cem przyrz\u0105dowym , kt\u00f3ry wywo\u0142uje drgania mechaniczne w tkankach masowanych przekazywane poprzez membran\u0119 aplikatora . Drgania membrany aplikatora wytwarzane s\u0105 przez przep\u0142yw wody w aplikatorze . Zabieg wykorzystywany jest w masa\u017cu du\u017cych i ma\u0142ych grup mi\u0119\u015bniowych oraz tkanki podsk\u00f3rnej .<\/p>\n\n\n\n<p>Drgania membrany powoduj\u0105 popraw\u0119 ruchomo\u015bci mi\u0119\u015bni i staw\u00f3w oraz lepsze ich ukrwienie , co skutkuje znacznym przyspieszeniem regeneracji .<\/p>\n\n\n\n<p>Masa\u017c wibracyjny ma dzia\u0142anie og\u00f3lnie przeciwb\u00f3lowe , rozlu\u017ania napi\u0119te mi\u0119\u015bnie , poprawia samopoczucie , uspokaja i relaksuje . Wspomaga te\u017c przy dolegliwo\u015bciach natury psychicznej , nadmiernym zm\u0119czeniu i wycie\u0144czeniu organizmu . Masa\u017c mo\u017cna wykona\u0107 jako indywidualny zabieg lub w serii zabieg\u00f3w lub doda\u0107 np. do masa\u017cu zdrowotnego cz\u0119\u015bciowego plec\u00f3w , ko\u0144czyn dolnych b\u0105d\u017a ca\u0142o\u015bciowego klasycznego .<\/p>\n","protected":false},"excerpt":{"rendered":"<p>Fizykoterapia jest jedn\u0105 z metod fizjoterapii. W trakcie zabieg\u00f3w oddzia\u0142uje si\u0119 na organizm r\u00f3\u017cnymi czynnikami fizykalnymi, tymi naturalnymi oraz sztucznymi. G\u0142\u00f3wnym celem fizykoterapii jest pobudzenie proces\u00f3w biologicznych, kt\u00f3re pomagaj\u0105 regenerowa\u0107 tkanki. Fizykoterapia stosowana jest jako leczenie podstawowe lub uzupe\u0142niaj\u0105ce. W moim gabinecie wykorzystuj\u0119 elektroterapi\u0119, laseroterapi\u0119, magnetoterapi\u0119, ultrad\u017awi\u0119ki oraz aquavibron. ELEKTROTERAPIA Elektroterapia to stosowanie pr\u0105du elektrycznego [&hellip;]<\/p>\n","protected":false},"author":1,"featured_media":0,"parent":0,"menu_order":0,"comment_status":"closed","ping_status":"closed","template":"","meta":{"footnotes":""},"class_list":["post-208","page","type-page","status-publish","hentry"],"_links":{"self":[{"href":"https:\/\/fizjopunkt.bystrzyca.ovh\/index.php?rest_route=\/wp\/v2\/pages\/208","targetHints":{"allow":["GET"]}}],"collection":[{"href":"https:\/\/fizjopunkt.bystrzyca.ovh\/index.php?rest_route=\/wp\/v2\/pages"}],"about":[{"href":"https:\/\/fizjopunkt.bystrzyca.ovh\/index.php?rest_route=\/wp\/v2\/types\/page"}],"author":[{"embeddable":true,"href":"https:\/\/fizjopunkt.bystrzyca.ovh\/index.php?rest_route=\/wp\/v2\/users\/1"}],"replies":[{"embeddable":true,"href":"https:\/\/fizjopunkt.bystrzyca.ovh\/index.php?rest_route=%2Fwp%2Fv2%2Fcomments&post=208"}],"version-history":[{"count":3,"href":"https:\/\/fizjopunkt.bystrzyca.ovh\/index.php?rest_route=\/wp\/v2\/pages\/208\/revisions"}],"predecessor-version":[{"id":215,"href":"https:\/\/fizjopunkt.bystrzyca.ovh\/index.php?rest_route=\/wp\/v2\/pages\/208\/revisions\/215"}],"wp:attachment":[{"href":"https:\/\/fizjopunkt.bystrzyca.ovh\/index.php?rest_route=%2Fwp%2Fv2%2Fmedia&parent=208"}],"curies":[{"name":"wp","href":"https:\/\/api.w.org\/{rel}","templated":true}]}}