{"id":51,"date":"2026-01-27T19:31:04","date_gmt":"2026-01-27T18:31:04","guid":{"rendered":"https:\/\/fizjopunkt.bystrzyca.ovh\/?page_id=51"},"modified":"2026-03-18T17:56:31","modified_gmt":"2026-03-18T16:56:31","slug":"gdzie-przyjmuje","status":"publish","type":"page","link":"https:\/\/fizjopunkt.bystrzyca.ovh\/?page_id=51","title":{"rendered":"Kontakt"},"content":{"rendered":"\n<iframe src=\"https:\/\/www.google.com\/maps\/embed?pb=!1m14!1m12!1m3!1d1482.8665857753733!2d22.705248763613252!3d51.31343518706489!2m3!1f0!2f0!3f0!3m2!1i1024!2i768!4f13.1!5e0!3m2!1spl!2spl!4v1769539698793!5m2!1spl!2spl\" width=\"800\" height=\"600\" style=\"border:0;\" allowfullscreen=\"\" loading=\"lazy\" referrerpolicy=\"no-referrer-when-downgrade\"><\/iframe>\n\n\n\n<p><strong>FizjoPunkt Gabinet Rehabilitacji i Masa\u017cu<\/strong><\/p>\n\n\n\n<p>BYSTRZYCA 47G,20-258 BYSTRZYCA<\/p>\n\n\n\n<p>Wej\u015bcie do gabinetu od ty\u0142u budynku.<\/p>\n\n\n\n<p>Swobodny dojazd z w\u0142asnym parkingiem.<\/p>\n\n\n\n<p>e-mail: fizjopunkt.bystrzyca@gmail.pl<\/p>\n\n\n\n<p>tel: 505 044 568<\/p>\n\n\n\n<p><\/p>\n\n\n\n<p><em><strong>Czynne w godzinach: <\/strong><\/em><\/p>\n\n\n\n<p><strong>poniedzia\u0142ek &#8211; pi\u0105tek: 18.00 &#8211; 22.00<\/strong><\/p>\n\n\n\n<p><strong>sobota &#8211; niedziela: 13.00 &#8211; 20.00<\/strong><\/p>\n","protected":false},"excerpt":{"rendered":"<p>FizjoPunkt Gabinet Rehabilitacji i Masa\u017cu BYSTRZYCA 47G,20-258 BYSTRZYCA Wej\u015bcie do gabinetu od ty\u0142u budynku. Swobodny dojazd z w\u0142asnym parkingiem. e-mail: fizjopunkt.bystrzyca@gmail.pl tel: 505 044 568 Czynne w godzinach: poniedzia\u0142ek &#8211; pi\u0105tek: 18.00 &#8211; 22.00 sobota &#8211; niedziela: 13.00 &#8211; 20.00<\/p>\n","protected":false},"author":1,"featured_media":0,"parent":0,"menu_order":0,"comment_status":"closed","ping_status":"closed","template":"","meta":{"footnotes":""},"class_list":["post-51","page","type-page","status-publish","hentry"],"_links":{"self":[{"href":"https:\/\/fizjopunkt.bystrzyca.ovh\/index.php?rest_route=\/wp\/v2\/pages\/51","targetHints":{"allow":["GET"]}}],"collection":[{"href":"https:\/\/fizjopunkt.bystrzyca.ovh\/index.php?rest_route=\/wp\/v2\/pages"}],"about":[{"href":"https:\/\/fizjopunkt.bystrzyca.ovh\/index.php?rest_route=\/wp\/v2\/types\/page"}],"author":[{"embeddable":true,"href":"https:\/\/fizjopunkt.bystrzyca.ovh\/index.php?rest_route=\/wp\/v2\/users\/1"}],"replies":[{"embeddable":true,"href":"https:\/\/fizjopunkt.bystrzyca.ovh\/index.php?rest_route=%2Fwp%2Fv2%2Fcomments&post=51"}],"version-history":[{"count":8,"href":"https:\/\/fizjopunkt.bystrzyca.ovh\/index.php?rest_route=\/wp\/v2\/pages\/51\/revisions"}],"predecessor-version":[{"id":125,"href":"https:\/\/fizjopunkt.bystrzyca.ovh\/index.php?rest_route=\/wp\/v2\/pages\/51\/revisions\/125"}],"wp:attachment":[{"href":"https:\/\/fizjopunkt.bystrzyca.ovh\/index.php?rest_route=%2Fwp%2Fv2%2Fmedia&parent=51"}],"curies":[{"name":"wp","href":"https:\/\/api.w.org\/{rel}","templated":true}]}}