{"id":82,"date":"2026-03-17T20:01:16","date_gmt":"2026-03-17T19:01:16","guid":{"rendered":"http:\/\/192.168.26.200:8081\/?page_id=82"},"modified":"2026-03-17T20:54:33","modified_gmt":"2026-03-17T19:54:33","slug":"rehabilitacja","status":"publish","type":"page","link":"https:\/\/fizjopunkt.bystrzyca.ovh\/?page_id=82","title":{"rendered":"Rehabilitacja"},"content":{"rendered":"\n<p><\/p>\n\n\n\n<h3 class=\"wp-block-heading\">Fizjoterapia neurologiczna<\/h3>\n\n\n\n<p>Fizjoterapia neurologiczna skierowana jest do os\u00f3b z chorobami i uszkodzeniami uk\u0142adu nerwowego. Na co dzie\u0144 pracuj\u0119 z pacjentami w warunkach szpitalnych, w ostrych i przewlek\u0142ych stanach neurologicznych.<\/p>\n\n\n\n<p>Terapia ma na celu popraw\u0119 kontroli ruchu, r\u00f3wnowagi, koordynacji ruchowej oraz zwi\u0119kszenie samodzielno\u015bci i jako\u015bci \u017cycia oraz zwi\u0119kszy\u0107 niezale\u017cno\u015b\u0107 w codziennym \u017cyciu. <\/p>\n\n\n\n<p>Ka\u017cdy proces terapeutyczny jest indywidualnie dostosowany do mo\u017cliwo\u015bci i potrzeb pacjenta.<\/p>\n\n\n\n<p><\/p>\n\n\n\n<h3 class=\"wp-block-heading\">Fizjoterapia ortopedyczna<\/h3>\n\n\n\n<p>Fizjoterapia ortopedyczna obejmuje terapi\u0119 os\u00f3b po urazach, przeci\u0105\u017ceniach i operacjach ortopedycznych. Pracuj\u0119 zar\u00f3wno z pacjentami w pocz\u0105tkowym etapie leczenia, jak i na dalszym etapie powrotu do sprawno\u015bci.<\/p>\n\n\n\n<p>Celem terapii jest zmniejszenie b\u00f3lu, poprawa zakresu ruchomo\u015bci i si\u0142y mi\u0119\u015bniowej oraz przywr\u00f3cenie prawid\u0142owych wzorc\u00f3w ruchowych, niezb\u0119dnych w codziennym funkcjonowaniu.<\/p>\n\n\n\n<p><\/p>\n\n\n\n<h3 class=\"wp-block-heading\">Terapia metod\u0105 PNF<\/h3>\n\n\n\n<p>Terapia metod\u0105 PNF (Proprioceptive Neuromuscular Facilitation) opiera si\u0119 na pracy z naturalnymi wzorcami ruchowymi wykorzystywanymi w codziennych czynno\u015bciach. Metoda ta jest szczeg\u00f3lnie skuteczna w fizjoterapii neurologicznej i ortopedycznej.<\/p>\n\n\n\n<p>Celem terapii PNF jest poprawa kontroli ruchu, si\u0142y, stabilizacji oraz koordynacji, a tak\u017ce wspieranie samodzielno\u015bci i funkcjonalno\u015bci pacjenta w \u017cyciu codziennym.<\/p>\n\n\n\n<p><\/p>\n\n\n\n<h3 class=\"wp-block-heading\">Terapia blizny<\/h3>\n\n\n\n<p>Terapia blizny obejmuje prac\u0119 z bliznami pooperacyjnymi, pourazowymi oraz po cesarskim ci\u0119ciu. Blizna &#8211; nawet po wielu latach mo\u017ce zaburza\u0107 \u015blizg tkanek, powodowa\u0107 b\u00f3l, napi\u0119cia i ograniczenia ruchu w odleg\u0142ych cz\u0119\u015bciach cia\u0142a.<\/p>\n\n\n\n<p>Terapia blizny zmniejszenia napi\u0119cie w jej obr\u0119bie oraz zwi\u0119ksza si\u0119 mo\u017cliwo\u015b\u0107 ruchu mi\u0119dzy sk\u00f3r\u0105, tkan\u0105 podsk\u00f3rn\u0105, t\u0142uszczem, powi\u0119ziami a mi\u0119\u015bniami. Wp\u0142ywa to na popraw\u0119 zakresu ruch\u00f3w w stawach i funkcji tkanek w obszarze otaczaj\u0105cym blizn\u0119 oraz zmniejsza dolegliwo\u015bci b\u00f3lowe.<\/p>\n\n\n\n<p><\/p>\n\n\n\n<h3 class=\"wp-block-heading\">Terapia nerwowo-powi\u0119ziowa nerwu b\u0142\u0119dnego<\/h3>\n\n\n\n<p>Terapia nerwu b\u0142\u0119dnego skupia si\u0119 na regulacji uk\u0142adu nerwowego autonomicznego, kt\u00f3ry odpowiada m.in. za reakcje stresowe, napi\u0119cie mi\u0119\u015bniowe oraz prac\u0119 narz\u0105d\u00f3w wewn\u0119trznych. Zaburzenia jego funkcji mog\u0105 objawia\u0107 si\u0119 przewlek\u0142ym napi\u0119ciem, b\u00f3lem, problemami trawiennymi, zaburzeniami oddechu czy trudno\u015bciami ze snem.<\/p>\n\n\n\n<p>Terapia jest pomocna w leczeniu stan\u00f3w pourazowych (po z\u0142amaniach, skr\u0119ceniach, zwichni\u0119ciach), napi\u0119\u0107 uk\u0142adu nerwowego, dolegliwo\u015bci b\u00f3lowych kr\u0119gos\u0142upa i staw\u00f3w obwodowych,b\u00f3li g\u0142owy oraz migren, chronicznych zm\u0119cze\u0144, nerwob\u00f3li, zaburze\u0144 snu, zaburze\u0144 nastroju i przem\u0119czenia, obni\u017conej odporno\u015bci, stan\u00f3w poudarowych.<\/p>\n\n\n\n<p><\/p>\n\n\n\n<h3 class=\"wp-block-heading\">Terapia wisceralna<\/h3>\n\n\n\n<p>Terapia wisceralna to delikatna praca z narz\u0105dami wewn\u0119trznymi oraz ich powi\u0105zaniami <br>z uk\u0142adem mi\u0119\u015bniowo-szkieletowym. Narz\u0105dy wewn\u0119trzne poprzez napi\u0119cia i ograniczenia ruchomo\u015bci, mog\u0105 wp\u0142ywa\u0107 na postaw\u0119, b\u00f3l i spos\u00f3b poruszania si\u0119.<\/p>\n\n\n\n<p>Terapia wisceralna znajduje zastosowanie m.in. w przewlek\u0142ych dolegliwo\u015bciach b\u00f3lowych, zaburzeniach napi\u0119cia, problemach trzewnych oraz dolegliwo\u015bciach nasilaj\u0105cych si\u0119 pod wp\u0142ywem stresu.<\/p>\n\n\n\n<p><\/p>\n\n\n\n<h3 class=\"wp-block-heading\">Terapia punkt\u00f3w spustowych<\/h3>\n\n\n\n<p>Terapia punkt\u00f3w spustowych polega na odpowiednim opracowaniu miejsc w obr\u0119bie mi\u0119\u015bni lub powi\u0119zi, kt\u00f3re s\u0105 wra\u017cliwe i generuj\u0105 b\u00f3l, pieczenie, promieniowanie do innych cz\u0119\u015bci cia\u0142a daj\u0105c dyskomfort. terapia nie nale\u017cy do najprzyjemniejszych, lecz daje bardzo dobre efekty w leczeniu terapeutycznym. <\/p>\n\n\n\n<p><\/p>\n\n\n\n<h3 class=\"wp-block-heading\">Terapia mi\u0119\u015bniowo-powi\u0119ziowa<\/h3>\n\n\n\n<p>Terapia mie\u015bniowo-powi\u0119ziowa to metoda manualna \u0142agodz\u0105ca napi\u0119cia mi\u0119\u015bniowe poprzez prac\u0119 na powi\u0119zi, czyli na tkance otaczaj\u0105cej mi\u0119\u015bnie. Stosuj\u0105c odpowiednie techniki rozlu\u017aniaj\u0105ce poprawia si\u0119 elastyczno\u015b\u0107 tkanek, zakres ruchomo\u015bci, zmniejsza si\u0119 sztywno\u015b\u0107 mi\u0119\u015bniowa, poprawia kr\u0105\u017cenie oraz przywraca si\u0119 r\u00f3wnowaga w ciele.<\/p>\n\n\n\n<p><\/p>\n\n\n\n<h3 class=\"wp-block-heading\">Kinesiotaping<\/h3>\n\n\n\n<p>Kinesiotaping to metoda wspomagaj\u0105ca terapi\u0119 manualn\u0105 i \u0107wiczenia poprzez zastosowanie specjalnych elastycznych ta\u015bm. Odpowiednio zaaplikowane ta\u015bmy mog\u0105 zmniejsza\u0107 b\u00f3l, wspiera\u0107 prac\u0119 mi\u0119\u015bni i staw\u00f3w oraz poprawia\u0107 kr\u0105\u017cenie i propriocepcj\u0119.<\/p>\n\n\n\n<p>Kinesiotaping stosuj\u0119 jako uzupe\u0142nienie terapii, dobieraj\u0105c technik\u0119 indywidualnie do potrzeb pacjenta oraz etapu leczenia.<\/p>\n\n\n\n<p><\/p>\n\n\n\n<h3 class=\"wp-block-heading\">Korekcja wad postawy<\/h3>\n\n\n\n<p>Korekcja wad postawy skierowana jest do dzieci, m\u0142odzie\u017cy i doros\u0142ych z nieprawid\u0142ow\u0105 postaw\u0105 cia\u0142a, zaburzeniami r\u00f3wnowagi oraz dolegliwo\u015bciami wynikaj\u0105cymi z przeci\u0105\u017ce\u0144 oraz kompensacji.<\/p>\n\n\n\n<p>Terapia obejmuje indywidualn\u0105 ocen\u0119 postawy, prac\u0119 nad \u015bwiadomo\u015bci\u0105 cia\u0142a i \u0107wiczeniami koryguj\u0105cymi. Jej celem jest poprawa ustawienia cia\u0142a, zmniejszenie b\u00f3lu oraz wypracowanie prawid\u0142owych wzorc\u00f3w postawy i ruchu w codziennym \u017cyciu.<\/p>\n\n\n\n<p><\/p>\n","protected":false},"excerpt":{"rendered":"<p>Fizjoterapia neurologiczna Fizjoterapia neurologiczna skierowana jest do os\u00f3b z chorobami i uszkodzeniami uk\u0142adu nerwowego. Na co dzie\u0144 pracuj\u0119 z pacjentami w warunkach szpitalnych, w ostrych i przewlek\u0142ych stanach neurologicznych. Terapia ma na celu popraw\u0119 kontroli ruchu, r\u00f3wnowagi, koordynacji ruchowej oraz zwi\u0119kszenie samodzielno\u015bci i jako\u015bci \u017cycia oraz zwi\u0119kszy\u0107 niezale\u017cno\u015b\u0107 w codziennym \u017cyciu. Ka\u017cdy proces terapeutyczny jest [&hellip;]<\/p>\n","protected":false},"author":1,"featured_media":0,"parent":0,"menu_order":0,"comment_status":"closed","ping_status":"closed","template":"","meta":{"footnotes":""},"class_list":["post-82","page","type-page","status-publish","hentry"],"_links":{"self":[{"href":"https:\/\/fizjopunkt.bystrzyca.ovh\/index.php?rest_route=\/wp\/v2\/pages\/82","targetHints":{"allow":["GET"]}}],"collection":[{"href":"https:\/\/fizjopunkt.bystrzyca.ovh\/index.php?rest_route=\/wp\/v2\/pages"}],"about":[{"href":"https:\/\/fizjopunkt.bystrzyca.ovh\/index.php?rest_route=\/wp\/v2\/types\/page"}],"author":[{"embeddable":true,"href":"https:\/\/fizjopunkt.bystrzyca.ovh\/index.php?rest_route=\/wp\/v2\/users\/1"}],"replies":[{"embeddable":true,"href":"https:\/\/fizjopunkt.bystrzyca.ovh\/index.php?rest_route=%2Fwp%2Fv2%2Fcomments&post=82"}],"version-history":[{"count":5,"href":"https:\/\/fizjopunkt.bystrzyca.ovh\/index.php?rest_route=\/wp\/v2\/pages\/82\/revisions"}],"predecessor-version":[{"id":88,"href":"https:\/\/fizjopunkt.bystrzyca.ovh\/index.php?rest_route=\/wp\/v2\/pages\/82\/revisions\/88"}],"wp:attachment":[{"href":"https:\/\/fizjopunkt.bystrzyca.ovh\/index.php?rest_route=%2Fwp%2Fv2%2Fmedia&parent=82"}],"curies":[{"name":"wp","href":"https:\/\/api.w.org\/{rel}","templated":true}]}}