{"id":89,"date":"2026-03-18T16:47:47","date_gmt":"2026-03-18T15:47:47","guid":{"rendered":"http:\/\/192.168.26.200:8081\/?page_id=89"},"modified":"2026-04-07T21:37:35","modified_gmt":"2026-04-07T19:37:35","slug":"masaz","status":"publish","type":"page","link":"https:\/\/fizjopunkt.bystrzyca.ovh\/?page_id=89","title":{"rendered":"Masa\u017c"},"content":{"rendered":"\n<p>W mojej pracy wykorzystuj\u0119 r\u00f3\u017cne formy masa\u017cu, kt\u00f3re wspieraj\u0105 terapi\u0119, pomagaj\u0105c w redukcji b\u00f3lu, napi\u0119\u0107 mi\u0119\u015bniowych oraz poprawie funkcjonowania ca\u0142ego cia\u0142a.<\/p>\n\n\n\n<p><strong><em>Masa\u017c leczniczy <\/em><\/strong><\/p>\n\n\n\n<p>Masa\u017c ukierunkowany na konkretne dolegliwo\u015bci, napi\u0119cia mi\u0119\u015bniowe czy przeci\u0105\u017cenia, wspieraj\u0105cy regeneracj\u0119 i przywracanie prawid\u0142owej funkcji ruchowej.<\/p>\n\n\n\n<p><\/p>\n\n\n\n<p><strong><em>Masa\u017c Aquavibron <\/em><\/strong><\/p>\n\n\n\n<p>Delikatny masa\u017c wibracyjny wodny, kt\u00f3ry dzia\u0142a relaksuj\u0105co, pobudza kr\u0105\u017cenie i wspiera rozlu\u017anienie mi\u0119\u015bni.<\/p>\n\n\n\n<p><\/p>\n\n\n\n<p><strong><em>Masa\u017c ba\u0144k\u0105 chi\u0144sk\u0105 <\/em><\/strong><\/p>\n\n\n\n<p>Wykorzystuje specjalne ba\u0144ki, kt\u00f3re dodatkowo pobudzaj\u0105 kr\u0105\u017cenie, przyspiesza regeneracj\u0119 tkanek, zmniejszaj\u0105 napi\u0119cia mi\u0119\u015bniowe i wspomagaj\u0105 redukcj\u0119 cellulitu. Jest to metoda wspieraj\u0105ca zar\u00f3wno masa\u017c leczniczy, stosowana indywidualnie w zale\u017cno\u015bci od potrzeb pacjenta.<\/p>\n\n\n\n<p><\/p>\n\n\n\n<p><strong><em>Masa\u017c gor\u0105cymi kamieniami<\/em><\/strong><\/p>\n\n\n\n<p>Masa\u017c rozlu\u017aniaj\u0105cy mi\u0119\u015bnie, kt\u00f3ry \u0142\u0105czy ciep\u0142o kamieni z technikami masa\u017cu manualnego, wspomagaj\u0105c redukcj\u0119 stresu i napi\u0119\u0107 w ciele.<\/p>\n\n\n\n<p><\/p>\n\n\n\n<p><strong><em>Terapia pistoletem do masa\u017cu <\/em><\/strong><\/p>\n\n\n\n<p>Metoda wykorzystuj\u0105ca specjalny aparat wibracyjny, kt\u00f3ry dociera g\u0142\u0119boko do mi\u0119\u015bni i tkanek mi\u0119kkich. Pomaga zmniejszy\u0107 napi\u0119cia mi\u0119\u015bniowe, przyspieszy\u0107 regeneracj\u0119 po wysi\u0142ku lub urazie, poprawi\u0107 kr\u0105\u017cenie oraz zwi\u0119kszy\u0107 zakres ruchu. Stosowana indywidualnie, w zale\u017cno\u015bci od potrzeb pacjenta, jako wsparcie terapii leczniczej i relaksacyjnej.<\/p>\n","protected":false},"excerpt":{"rendered":"<p>W mojej pracy wykorzystuj\u0119 r\u00f3\u017cne formy masa\u017cu, kt\u00f3re wspieraj\u0105 terapi\u0119, pomagaj\u0105c w redukcji b\u00f3lu, napi\u0119\u0107 mi\u0119\u015bniowych oraz poprawie funkcjonowania ca\u0142ego cia\u0142a. Masa\u017c leczniczy Masa\u017c ukierunkowany na konkretne dolegliwo\u015bci, napi\u0119cia mi\u0119\u015bniowe czy przeci\u0105\u017cenia, wspieraj\u0105cy regeneracj\u0119 i przywracanie prawid\u0142owej funkcji ruchowej. Masa\u017c Aquavibron Delikatny masa\u017c wibracyjny wodny, kt\u00f3ry dzia\u0142a relaksuj\u0105co, pobudza kr\u0105\u017cenie i wspiera rozlu\u017anienie mi\u0119\u015bni. Masa\u017c [&hellip;]<\/p>\n","protected":false},"author":1,"featured_media":0,"parent":0,"menu_order":0,"comment_status":"closed","ping_status":"closed","template":"","meta":{"footnotes":""},"class_list":["post-89","page","type-page","status-publish","hentry"],"_links":{"self":[{"href":"https:\/\/fizjopunkt.bystrzyca.ovh\/index.php?rest_route=\/wp\/v2\/pages\/89","targetHints":{"allow":["GET"]}}],"collection":[{"href":"https:\/\/fizjopunkt.bystrzyca.ovh\/index.php?rest_route=\/wp\/v2\/pages"}],"about":[{"href":"https:\/\/fizjopunkt.bystrzyca.ovh\/index.php?rest_route=\/wp\/v2\/types\/page"}],"author":[{"embeddable":true,"href":"https:\/\/fizjopunkt.bystrzyca.ovh\/index.php?rest_route=\/wp\/v2\/users\/1"}],"replies":[{"embeddable":true,"href":"https:\/\/fizjopunkt.bystrzyca.ovh\/index.php?rest_route=%2Fwp%2Fv2%2Fcomments&post=89"}],"version-history":[{"count":5,"href":"https:\/\/fizjopunkt.bystrzyca.ovh\/index.php?rest_route=\/wp\/v2\/pages\/89\/revisions"}],"predecessor-version":[{"id":217,"href":"https:\/\/fizjopunkt.bystrzyca.ovh\/index.php?rest_route=\/wp\/v2\/pages\/89\/revisions\/217"}],"wp:attachment":[{"href":"https:\/\/fizjopunkt.bystrzyca.ovh\/index.php?rest_route=%2Fwp%2Fv2%2Fmedia&parent=89"}],"curies":[{"name":"wp","href":"https:\/\/api.w.org\/{rel}","templated":true}]}}